{"id":1428,"date":"2023-08-04T13:11:39","date_gmt":"2023-08-04T10:11:39","guid":{"rendered":"http:\/\/www.ersanabi.com\/fkg\/?page_id=1428"},"modified":"2024-03-08T19:02:51","modified_gmt":"2024-03-08T16:02:51","slug":"hakkimizda","status":"publish","type":"page","link":"https:\/\/fkg.com.tr\/en\/hakkimizda\/","title":{"rendered":"ABOUT US"},"content":{"rendered":"<div data-elementor-type=\"wp-page\" data-elementor-id=\"1428\" class=\"elementor elementor-1428\" data-elementor-post-type=\"page\">\n\t\t\t\t\t\t<section class=\"elementor-section elementor-top-section elementor-element elementor-element-da66aa8 elementor-section-full_width elementor-section-height-default elementor-section-height-default\" data-id=\"da66aa8\" data-element_type=\"section\" data-settings=\"{&quot;background_background&quot;:&quot;classic&quot;,&quot;wdt_bg_image&quot;:{&quot;url&quot;:&quot;&quot;,&quot;id&quot;:&quot;&quot;,&quot;size&quot;:&quot;&quot;},&quot;wdt_bg_image_tablet&quot;:{&quot;url&quot;:&quot;&quot;,&quot;id&quot;:&quot;&quot;,&quot;size&quot;:&quot;&quot;},&quot;wdt_bg_image_mobile&quot;:{&quot;url&quot;:&quot;&quot;,&quot;id&quot;:&quot;&quot;,&quot;size&quot;:&quot;&quot;},&quot;wdt_bg_position&quot;:&quot;center center&quot;,&quot;wdt_animation_effect&quot;:&quot;none&quot;}\">\n\t\t\t\t\t\t<div class=\"elementor-container elementor-column-gap-no\">\n\t\t\t\t\t<div class=\"elementor-column elementor-col-100 elementor-top-column elementor-element elementor-element-4686d6b\" data-id=\"4686d6b\" data-element_type=\"column\">\n\t\t\t<div class=\"elementor-widget-wrap elementor-element-populated\">\n\t\t\t\t\t\t<section class=\"elementor-section elementor-inner-section elementor-element elementor-element-2398059 elementor-section-full_width wdt-cus-about-us-section elementor-section-height-default elementor-section-height-default\" data-id=\"2398059\" data-element_type=\"section\" data-settings=\"{&quot;wdt_bg_image&quot;:{&quot;url&quot;:&quot;&quot;,&quot;id&quot;:&quot;&quot;,&quot;size&quot;:&quot;&quot;},&quot;wdt_bg_image_tablet&quot;:{&quot;url&quot;:&quot;&quot;,&quot;id&quot;:&quot;&quot;,&quot;size&quot;:&quot;&quot;},&quot;wdt_bg_image_mobile&quot;:{&quot;url&quot;:&quot;&quot;,&quot;id&quot;:&quot;&quot;,&quot;size&quot;:&quot;&quot;},&quot;wdt_bg_position&quot;:&quot;center center&quot;,&quot;wdt_animation_effect&quot;:&quot;none&quot;}\">\n\t\t\t\t\t\t<div class=\"elementor-container elementor-column-gap-no\">\n\t\t\t\t\t<div class=\"elementor-column elementor-col-50 elementor-inner-column elementor-element elementor-element-c8a4be1\" data-id=\"c8a4be1\" data-element_type=\"column\" data-settings=\"{&quot;background_background&quot;:&quot;classic&quot;}\">\n\t\t\t<div class=\"elementor-widget-wrap elementor-element-populated\">\n\t\t\t\t\t<div class=\"elementor-background-overlay\"><\/div>\n\t\t\t\t\t\t<div class=\"elementor-element elementor-element-644ab29 elementor-widget elementor-widget-image\" data-id=\"644ab29\" data-element_type=\"widget\" data-settings=\"{&quot;wdt_animation_effect&quot;:&quot;none&quot;}\" data-widget_type=\"image.default\">\n\t\t\t\t<div class=\"elementor-widget-container\">\n\t\t\t<style>\/*! elementor - v3.19.0 - 28-02-2024 *\/\n.elementor-widget-image{text-align:center}.elementor-widget-image a{display:inline-block}.elementor-widget-image a img[src$=\".svg\"]{width:48px}.elementor-widget-image img{vertical-align:middle;display:inline-block}<\/style>\t\t\t\t\t\t\t\t\t\t<img fetchpriority=\"high\" decoding=\"async\" width=\"420\" height=\"530\" src=\"https:\/\/fkg.com.tr\/wp-content\/uploads\/2023\/09\/2222.jpg\" class=\"attachment-full size-full wp-image-1692\" alt=\"\" srcset=\"https:\/\/fkg.com.tr\/wp-content\/uploads\/2023\/09\/2222.jpg 420w, https:\/\/fkg.com.tr\/wp-content\/uploads\/2023\/09\/2222-238x300.jpg 238w\" sizes=\"(max-width: 420px) 100vw, 420px\" \/>\t\t\t\t\t\t\t\t\t\t\t\t\t<\/div>\n\t\t\t\t<\/div>\n\t\t\t\t\t<\/div>\n\t\t<\/div>\n\t\t\t\t<div class=\"elementor-column elementor-col-50 elementor-inner-column elementor-element elementor-element-acb7a18 wdt-col-with-bg-img\" data-id=\"acb7a18\" data-element_type=\"column\" data-settings=\"{&quot;background_background&quot;:&quot;classic&quot;}\">\n\t\t\t<div class=\"elementor-widget-wrap elementor-element-populated\">\n\t\t\t\t\t<div class=\"elementor-background-overlay\"><\/div>\n\t\t\t\t\t\t<div class=\"elementor-element elementor-element-0ef52c5 start start elementor-widget-tablet__width-inherit elementor-widget-mobile__width-inherit elementor-widget__width-initial wdt-cus-heading elementor-widget elementor-widget-wdt-heading\" data-id=\"0ef52c5\" data-element_type=\"widget\" data-settings=\"{&quot;wdt_animation_effect&quot;:&quot;none&quot;}\" data-widget_type=\"wdt-heading.default\">\n\t\t\t\t<div class=\"elementor-widget-container\">\n\t\t\t<div class=\"wdt-heading-holder\" id=\"wdt-heading-0ef52c5\"><h1 class=\"wdt-heading-title-wrapper wdt-heading-align-center wdt-heading-deco-wrapper\"><span class=\"wdt-heading-title\">CONSTANTLY INNOVATIVE<\/span><\/h1><div class=\"wdt-heading-content-wrapper\">FKG Group's primary area of business is construction and it has invested in the design and construction of business centres, shopping centres, school and hospital buildings, tourism and sports facilities, city parks, plaza office buildings, industrial facilities, and many other similar buildings. It has also completed large housing estates with environmentally conscious and naturally occurring landscape arrangements. The group continues to provide a wide range of services to meet the evolving needs of the market, the expectations of its clients, and the demands of the construction industry.\n<br><br><\/div><\/div>\t\t<\/div>\n\t\t\t\t<\/div>\n\t\t\t\t\t<\/div>\n\t\t<\/div>\n\t\t\t\t\t<\/div>\n\t\t<\/section>\n\t\t\t\t<section class=\"elementor-section elementor-inner-section elementor-element elementor-element-a19ab90 elementor-section-full_width elementor-reverse-tablet elementor-reverse-mobile elementor-section-height-default elementor-section-height-default\" data-id=\"a19ab90\" data-element_type=\"section\" data-settings=\"{&quot;wdt_bg_image&quot;:{&quot;url&quot;:&quot;&quot;,&quot;id&quot;:&quot;&quot;,&quot;size&quot;:&quot;&quot;},&quot;wdt_bg_image_tablet&quot;:{&quot;url&quot;:&quot;&quot;,&quot;id&quot;:&quot;&quot;,&quot;size&quot;:&quot;&quot;},&quot;wdt_bg_image_mobile&quot;:{&quot;url&quot;:&quot;&quot;,&quot;id&quot;:&quot;&quot;,&quot;size&quot;:&quot;&quot;},&quot;wdt_bg_position&quot;:&quot;center center&quot;,&quot;wdt_animation_effect&quot;:&quot;none&quot;}\">\n\t\t\t\t\t\t<div class=\"elementor-container elementor-column-gap-no\">\n\t\t\t\t\t<div class=\"elementor-column elementor-col-50 elementor-inner-column elementor-element elementor-element-bdeacf8\" data-id=\"bdeacf8\" data-element_type=\"column\">\n\t\t\t<div class=\"elementor-widget-wrap elementor-element-populated\">\n\t\t\t\t\t\t<div class=\"elementor-element elementor-element-0502b50 start start elementor-widget-tablet__width-inherit elementor-widget-mobile__width-inherit wdt-cus-heading elementor-widget__width-initial elementor-widget elementor-widget-wdt-heading\" data-id=\"0502b50\" data-element_type=\"widget\" data-settings=\"{&quot;wdt_animation_effect&quot;:&quot;none&quot;}\" data-widget_type=\"wdt-heading.default\">\n\t\t\t\t<div class=\"elementor-widget-container\">\n\t\t\t<div class=\"wdt-heading-holder\" id=\"wdt-heading-0502b50\"><h1 class=\"wdt-heading-title-wrapper wdt-heading-align-center wdt-heading-deco-wrapper\"><span class=\"wdt-heading-title\">ALWAYS THE BEST<\/span><\/h1><div class=\"wdt-heading-content-wrapper\">FKG Group, which operates in many fields including construction, project development, technology and concrete, aims to become a leader in its sectors by adopting innovation as a principle in every field of activity.<\/div><\/div>\t\t<\/div>\n\t\t\t\t<\/div>\n\t\t\t\t\t<\/div>\n\t\t<\/div>\n\t\t\t\t<div class=\"elementor-column elementor-col-50 elementor-inner-column elementor-element elementor-element-bc1b82e\" data-id=\"bc1b82e\" data-element_type=\"column\" data-settings=\"{&quot;background_background&quot;:&quot;classic&quot;}\">\n\t\t\t<div class=\"elementor-widget-wrap elementor-element-populated\">\n\t\t\t\t\t<div class=\"elementor-background-overlay\"><\/div>\n\t\t\t\t\t\t<div class=\"elementor-element elementor-element-aac3f5c elementor-widget elementor-widget-image\" data-id=\"aac3f5c\" data-element_type=\"widget\" data-settings=\"{&quot;wdt_animation_effect&quot;:&quot;none&quot;}\" data-widget_type=\"image.default\">\n\t\t\t\t<div class=\"elementor-widget-container\">\n\t\t\t\t\t\t\t\t\t\t\t\t\t<img decoding=\"async\" width=\"420\" height=\"530\" src=\"https:\/\/fkg.com.tr\/wp-content\/uploads\/2023\/09\/111.jpg\" class=\"attachment-large size-large wp-image-1689\" alt=\"\" srcset=\"https:\/\/fkg.com.tr\/wp-content\/uploads\/2023\/09\/111.jpg 420w, https:\/\/fkg.com.tr\/wp-content\/uploads\/2023\/09\/111-238x300.jpg 238w\" sizes=\"(max-width: 420px) 100vw, 420px\" \/>\t\t\t\t\t\t\t\t\t\t\t\t\t<\/div>\n\t\t\t\t<\/div>\n\t\t\t\t\t<\/div>\n\t\t<\/div>\n\t\t\t\t\t<\/div>\n\t\t<\/section>\n\t\t\t\t<div class=\"elementor-element elementor-element-e0fcdd7 elementor-widget elementor-widget-html\" data-id=\"e0fcdd7\" data-element_type=\"widget\" data-settings=\"{&quot;wdt_animation_effect&quot;:&quot;none&quot;}\" data-widget_type=\"html.default\">\n\t\t\t\t<div class=\"elementor-widget-container\">\n\t\t\t<style>\n     \/*Home page1 popup box*\/\n    \n    .wdt-cus-popup-box .wdt-click-element-image-n-icon .wdt-popup-box-trigger-element .wdt-popup-box-trigger-icon{\n        left: 50%;\n    right: 0;\n    top: 50%;\n    bottom: inherit;\n    transform: translate(-50%,-50%);\n    width: 76px;\n        height: 76px;\n    background-color: rGB(var(--wdtPrimaryColorRgb),.57);\n    backdrop-filter: blur(2px);\n        border-radius: 50%;\n        display: inline-flex;\n        align-items: center;\n        justify-content: center;\n        transition: var(--wdtBaseTransition);\n        \n    }\n    \n    \/*bg animation*\/\n    \n   @keyframes animate-pulse{\n    0%{\n        box-shadow: 0 0 0 0 rgba(var(--wdtPrimaryColorRgb),0.7),  0 0 0 0 rgba(var(--wdtPrimaryColorRgb),0.7);\n    }\n    40%{\n        box-shadow: 0 0 0 50px rgba(var(--wdtPrimaryColorRgb),0.0),  0 0 0 0 rgba(var(--wdtPrimaryColorRgb),0.7);\n    }\n    80%{\n        box-shadow: 0 0 0 50px rgba(var(--wdtPrimaryColorRgb),0.0),  0 0 0 30px rgba(var(--wdtPrimaryColorRgb),0);\n    }\n    100%{\n        box-shadow: 0 0 0 0 rgba(var(--wdtPrimaryColorRgb),0.0),  0 0 0 30px rgba(var(--wdtPrimaryColorRgb),0);\n    }\n    \n}\n\n    \n .wdt-cus-popup-box .wdt-click-element-image-n-icon .wdt-popup-box-trigger-element .wdt-popup-box-trigger-icon:hover{\n     animation: animate-pulse 3s linear 1;\n }\n \n .wdt-cus-popup-box .wdt-popup-box-trigger-holder{\n     will-change:contents;\n }\n \n \n \/*Home page about section backgroung immage position*\/\n \n .wdt-cus-about-us-section .wdt-col-with-bg-img .elementor-widget-wrap .elementor-background-overlay{\n     left: 130px;\n }\n \n \n \n<\/style>\t\t<\/div>\n\t\t\t\t<\/div>\n\t\t\t\t\t<\/div>\n\t\t<\/div>\n\t\t\t\t\t<\/div>\n\t\t<\/section>\n\t\t\t\t<section class=\"elementor-section elementor-top-section elementor-element elementor-element-23c13a2 elementor-section-full_width elementor-section-height-default elementor-section-height-default\" data-id=\"23c13a2\" data-element_type=\"section\" data-settings=\"{&quot;background_background&quot;:&quot;classic&quot;,&quot;wdt_bg_image&quot;:{&quot;url&quot;:&quot;&quot;,&quot;id&quot;:&quot;&quot;,&quot;size&quot;:&quot;&quot;},&quot;wdt_bg_image_tablet&quot;:{&quot;url&quot;:&quot;&quot;,&quot;id&quot;:&quot;&quot;,&quot;size&quot;:&quot;&quot;},&quot;wdt_bg_image_mobile&quot;:{&quot;url&quot;:&quot;&quot;,&quot;id&quot;:&quot;&quot;,&quot;size&quot;:&quot;&quot;},&quot;wdt_bg_position&quot;:&quot;center center&quot;,&quot;wdt_animation_effect&quot;:&quot;none&quot;}\">\n\t\t\t\t\t\t<div class=\"elementor-container elementor-column-gap-no\">\n\t\t\t\t\t<div class=\"elementor-column elementor-col-100 elementor-top-column elementor-element elementor-element-7bac848\" data-id=\"7bac848\" data-element_type=\"column\">\n\t\t\t<div class=\"elementor-widget-wrap elementor-element-populated\">\n\t\t\t\t\t\t<section class=\"elementor-section elementor-inner-section elementor-element elementor-element-0dccea8 elementor-section-full_width elementor-reverse-tablet elementor-reverse-mobile elementor-section-height-default elementor-section-height-default\" data-id=\"0dccea8\" data-element_type=\"section\" data-settings=\"{&quot;wdt_bg_image&quot;:{&quot;url&quot;:&quot;&quot;,&quot;id&quot;:&quot;&quot;,&quot;size&quot;:&quot;&quot;},&quot;wdt_bg_image_tablet&quot;:{&quot;url&quot;:&quot;&quot;,&quot;id&quot;:&quot;&quot;,&quot;size&quot;:&quot;&quot;},&quot;wdt_bg_image_mobile&quot;:{&quot;url&quot;:&quot;&quot;,&quot;id&quot;:&quot;&quot;,&quot;size&quot;:&quot;&quot;},&quot;wdt_bg_position&quot;:&quot;center center&quot;,&quot;wdt_animation_effect&quot;:&quot;none&quot;}\">\n\t\t\t\t\t\t<div class=\"elementor-container elementor-column-gap-no\">\n\t\t\t\t\t<div class=\"elementor-column elementor-col-50 elementor-inner-column elementor-element elementor-element-363a7e1\" data-id=\"363a7e1\" data-element_type=\"column\">\n\t\t\t<div class=\"elementor-widget-wrap elementor-element-populated\">\n\t\t\t\t\t\t<div class=\"elementor-element elementor-element-a9160bf elementor-widget elementor-widget-image\" data-id=\"a9160bf\" data-element_type=\"widget\" data-settings=\"{&quot;wdt_animation_effect&quot;:&quot;none&quot;}\" data-widget_type=\"image.default\">\n\t\t\t\t<div class=\"elementor-widget-container\">\n\t\t\t\t\t\t\t\t\t\t\t\t\t<img decoding=\"async\" width=\"1500\" height=\"1004\" src=\"https:\/\/fkg.com.tr\/wp-content\/uploads\/2023\/09\/pexels-mario-cuadros-2887582-2.jpg\" class=\"attachment-full size-full wp-image-1777\" alt=\"\" srcset=\"https:\/\/fkg.com.tr\/wp-content\/uploads\/2023\/09\/pexels-mario-cuadros-2887582-2.jpg 1500w, https:\/\/fkg.com.tr\/wp-content\/uploads\/2023\/09\/pexels-mario-cuadros-2887582-2-300x201.jpg 300w, https:\/\/fkg.com.tr\/wp-content\/uploads\/2023\/09\/pexels-mario-cuadros-2887582-2-1024x685.jpg 1024w, https:\/\/fkg.com.tr\/wp-content\/uploads\/2023\/09\/pexels-mario-cuadros-2887582-2-768x514.jpg 768w\" sizes=\"(max-width: 1500px) 100vw, 1500px\" \/>\t\t\t\t\t\t\t\t\t\t\t\t\t<\/div>\n\t\t\t\t<\/div>\n\t\t\t\t\t<\/div>\n\t\t<\/div>\n\t\t\t\t<div class=\"elementor-column elementor-col-50 elementor-inner-column elementor-element elementor-element-0fed273\" data-id=\"0fed273\" data-element_type=\"column\">\n\t\t\t<div class=\"elementor-widget-wrap elementor-element-populated\">\n\t\t\t\t\t\t<div class=\"elementor-element elementor-element-3526a45 wdt-cus-popup-with-counter center elementor-widget elementor-widget-wdt-counter\" data-id=\"3526a45\" data-element_type=\"widget\" data-settings=\"{&quot;columns&quot;:&quot;1&quot;,&quot;columns_tablet&quot;:&quot;4&quot;,&quot;columns_mobile&quot;:1,&quot;carousel_arrows_prev_arrow_vertical_top_indent&quot;:{&quot;unit&quot;:&quot;%&quot;,&quot;size&quot;:&quot;&quot;,&quot;sizes&quot;:[]},&quot;carousel_arrows_prev_arrow_vertical_top_indent_tablet&quot;:{&quot;unit&quot;:&quot;%&quot;,&quot;size&quot;:&quot;&quot;,&quot;sizes&quot;:[]},&quot;carousel_arrows_prev_arrow_vertical_top_indent_mobile&quot;:{&quot;unit&quot;:&quot;%&quot;,&quot;size&quot;:&quot;&quot;,&quot;sizes&quot;:[]},&quot;carousel_arrows_prev_arrow_horizontal_left_indent&quot;:{&quot;unit&quot;:&quot;%&quot;,&quot;size&quot;:&quot;&quot;,&quot;sizes&quot;:[]},&quot;carousel_arrows_prev_arrow_horizontal_left_indent_tablet&quot;:{&quot;unit&quot;:&quot;%&quot;,&quot;size&quot;:&quot;&quot;,&quot;sizes&quot;:[]},&quot;carousel_arrows_prev_arrow_horizontal_left_indent_mobile&quot;:{&quot;unit&quot;:&quot;%&quot;,&quot;size&quot;:&quot;&quot;,&quot;sizes&quot;:[]},&quot;carousel_arrows_next_arrow_vertical_top_indent&quot;:{&quot;unit&quot;:&quot;%&quot;,&quot;size&quot;:&quot;&quot;,&quot;sizes&quot;:[]},&quot;carousel_arrows_next_arrow_vertical_top_indent_tablet&quot;:{&quot;unit&quot;:&quot;%&quot;,&quot;size&quot;:&quot;&quot;,&quot;sizes&quot;:[]},&quot;carousel_arrows_next_arrow_vertical_top_indent_mobile&quot;:{&quot;unit&quot;:&quot;%&quot;,&quot;size&quot;:&quot;&quot;,&quot;sizes&quot;:[]},&quot;carousel_arrows_next_arrow_horizontal_left_indent&quot;:{&quot;unit&quot;:&quot;%&quot;,&quot;size&quot;:&quot;&quot;,&quot;sizes&quot;:[]},&quot;carousel_arrows_next_arrow_horizontal_left_indent_tablet&quot;:{&quot;unit&quot;:&quot;%&quot;,&quot;size&quot;:&quot;&quot;,&quot;sizes&quot;:[]},&quot;carousel_arrows_next_arrow_horizontal_left_indent_mobile&quot;:{&quot;unit&quot;:&quot;%&quot;,&quot;size&quot;:&quot;&quot;,&quot;sizes&quot;:[]},&quot;wdt_animation_effect&quot;:&quot;none&quot;}\" data-widget_type=\"wdt-counter.default\">\n\t\t\t\t<div class=\"elementor-widget-container\">\n\t\t\t<div class=\"wdt-counter-holder wdt-content-item-holder wdt-column-holder wdt-rc-template-custom-template\" id=\"wdt-counter-3526a45\" data-settings=\"\"><div class=\"wdt-column-wrapper wdt-column-gap-custom\"><div class=\"wdt-column\"><div class=\"wdt-content-item\"><div class=\"wdt-content-media-group\"><div class=\"wdt-content-counter-wrapper\"><div class=\"wdt-content-counter\"><span class=\"wdt-content-counter-number\" data-from=\"0\" data-to=\"3\" data-speed=\"1000\" data-refresh-interval=\"100\"><\/span><\/div><\/div><\/div><div class=\"wdt-content-detail-group\"><div class=\"wdt-content-title\"><h5><a href=\"#\" target=\"_blank\" rel=\"nofollow\" >CONTINENTS<\/a><\/h5><\/div><\/div><\/div><\/div><div class=\"wdt-column\"><div class=\"wdt-content-item\"><div class=\"wdt-content-media-group\"><div class=\"wdt-content-counter-wrapper\"><div class=\"wdt-content-counter\"><span class=\"wdt-content-counter-number\" data-from=\"0\" data-to=\"7\" data-speed=\"1000\" data-refresh-interval=\"100\"><\/span><\/div><\/div><\/div><div class=\"wdt-content-detail-group\"><div class=\"wdt-content-title\"><h5><a href=\"#\" target=\"_blank\" rel=\"nofollow\" >SECTOR<\/a><\/h5><\/div><\/div><\/div><\/div><div class=\"wdt-column\"><div class=\"wdt-content-item\"><div class=\"wdt-content-media-group\"><div class=\"wdt-content-counter-wrapper\"><div class=\"wdt-content-counter\"><span class=\"wdt-content-counter-number\" data-from=\"0\" data-to=\"900\" data-speed=\"1000\" data-refresh-interval=\"100\"><\/span><span class=\"wdt-content-counter-suffix\">+<\/span><\/div><\/div><\/div><div class=\"wdt-content-detail-group\"><div class=\"wdt-content-title\"><h5><a href=\"#\" target=\"_blank\" rel=\"nofollow\" >Employee<\/a><\/h5><\/div><\/div><\/div><\/div><div class=\"wdt-column\"><div class=\"wdt-content-item\"><div class=\"wdt-content-media-group\"><div class=\"wdt-content-counter-wrapper\"><div class=\"wdt-content-counter\"><span class=\"wdt-content-counter-number\" data-from=\"0\" data-to=\"12\" data-speed=\"1000\" data-refresh-interval=\"100\"><\/span><\/div><\/div><\/div><div class=\"wdt-content-detail-group\"><div class=\"wdt-content-title\"><h5><a href=\"#\" target=\"_blank\" rel=\"nofollow\" >BRAND<\/a><\/h5><\/div><\/div><\/div><\/div><\/div><\/div>\t\t<\/div>\n\t\t\t\t<\/div>\n\t\t\t\t\t<\/div>\n\t\t<\/div>\n\t\t\t\t\t<\/div>\n\t\t<\/section>\n\t\t\t\t\t<\/div>\n\t\t<\/div>\n\t\t\t\t\t<\/div>\n\t\t<\/section>\n\t\t\t\t<section class=\"elementor-section elementor-top-section elementor-element elementor-element-3f923bf elementor-section-boxed elementor-section-height-default elementor-section-height-default\" data-id=\"3f923bf\" data-element_type=\"section\" data-settings=\"{&quot;wdt_bg_image&quot;:{&quot;url&quot;:&quot;&quot;,&quot;id&quot;:&quot;&quot;,&quot;size&quot;:&quot;&quot;},&quot;wdt_bg_image_tablet&quot;:{&quot;url&quot;:&quot;&quot;,&quot;id&quot;:&quot;&quot;,&quot;size&quot;:&quot;&quot;},&quot;wdt_bg_image_mobile&quot;:{&quot;url&quot;:&quot;&quot;,&quot;id&quot;:&quot;&quot;,&quot;size&quot;:&quot;&quot;},&quot;wdt_bg_position&quot;:&quot;center center&quot;,&quot;wdt_animation_effect&quot;:&quot;none&quot;}\">\n\t\t\t\t\t\t<div class=\"elementor-container elementor-column-gap-default\">\n\t\t\t\t\t<div class=\"elementor-column elementor-col-100 elementor-top-column elementor-element elementor-element-5e0dae5\" data-id=\"5e0dae5\" data-element_type=\"column\">\n\t\t\t<div class=\"elementor-widget-wrap elementor-element-populated\">\n\t\t\t\t\t\t<div class=\"elementor-element elementor-element-74bfe04 elementor-widget elementor-widget-html\" data-id=\"74bfe04\" data-element_type=\"widget\" data-settings=\"{&quot;wdt_animation_effect&quot;:&quot;none&quot;}\" data-widget_type=\"html.default\">\n\t\t\t\t<div class=\"elementor-widget-container\">\n\t\t\t<style>\n    \n      \/*home page 2 page popup*\/\n      \n      .wdt-cus-popup-box-image_with_label .wdt-popup-box-trigger-holder .wdt-popup-box-trigger-element{\n          display:grid;\n          align-items: center;\n          justify-items: center;\n          cursor: inherit;\n      } \n      \n       .wdt-cus-popup-box-image_with_label .wdt-popup-box-trigger-holder .wdt-popup-box-trigger-element span.wdt-popup-box-trigger-label{\n           grid-area: 1\/-1;\n           position: relative;\n           display: inline-flex;\n           align-items: center;\n           justify-content: center;\n           cursor: pointer;\n           font-size: var(--wdtFontSize_Ext);\n           letter-spacing: 2.64px;\n           text-transform: uppercase;\n           font-weight: calc(var(--wdtFontWeight_Ext) + 100 );\n           width: clamp(5rem, 4.2788rem + 3.2051vw, 8.125rem);\n           height: clamp(5rem, 4.2788rem + 3.2051vw, 8.125rem);\n           \/*border: 1px solid var(--wdtSecondaryColor);*\/\n           border-radius: 50%;\n           background: RGB(var(--wdtBodyBGColorRgb),0);\n           backdrop-filter: blur(3px);\n-webkit-backdrop-filter: blur(3px);\n box-shadow: 0 0 0 2px rgb(var(--wdtSecondaryColorRgb), 1);\n   \ntransition: var(--wdtBaseTransition);\n   \n       }\n       \n       \n       \n       @keyframes shadowPulse {\n  0% {\n    box-shadow: 0 0 0 0 rgba(var(--wdtSecondaryColorRgb), 0.4);\n  }\n  50% {\n    box-shadow: 0 0 0 40px rgba(var(--wdtSecondaryColorRgb), 0);\n  }\n  100% {\n    box-shadow: 0 0 0 0 rgba(var(--wdtSecondaryColorRgb), 0);\n  }\n}\n\n\n\n.wdt-cus-popup-box-image_with_label .wdt-popup-box-trigger-holder .wdt-popup-box-trigger-element span.wdt-popup-box-trigger-label:hover{\n     animation: shadowPulse 1.3s linear 1;\n    \/*box-shadow: 0 0 0 1px rgb(var(--wdtSecondaryColorRgb), 0.4);*\/\n}\n       \n       \n       \n        .wdt-cus-popup-box-image_with_label .wdt-popup-box-trigger-holder .wdt-popup-box-trigger-element img{\n            grid-area: 1\/-1;\n            pointer-events: none;\n            cursor: auto;\n        }\n        \n        \n        \n        \/*counter*\/\n        \n        .wdt-cus-popup-with-counter .wdt-counter-holder.wdt-rc-template-custom-template .wdt-content-item{\n            display:grid;\n        }\n        \n        .wdt-cus-popup-with-counter .wdt-counter-holder.wdt-rc-template-custom-template .wdt-content-item .wdt-content-media-group{\n            grid-area: 1\/-1;\n            margin: auto;\n        }\n    \n    .wdt-cus-popup-with-counter .wdt-counter-holder.wdt-rc-template-custom-template .wdt-content-item .wdt-content-detail-group{\n        grid-area: 1\/-1;\n        margin: auto;\n    }\n    \n    \/*font size*\/\n    \n    .wdt-cus-popup-with-counter .wdt-counter-holder.wdt-rc-template-custom-template .wdt-content-item .wdt-content-media-group .wdt-content-counter span{\n        font-size: clamp(calc(var(--wdtFontSize_Alt) + 20px ), 2.4038rem + 3.2051vw, calc(var(--wdtFontSize_Alt) + 50px ));\n        font-weight: calc(var(--wdtFontWeight_Ext) + 300 );\n    }\n     .wdt-cus-popup-with-counter .wdt-counter-holder.wdt-rc-template-custom-template .wdt-content-item .wdt-content-detail-group .wdt-content-title h5{\n         font-size: var(--wdtFontSize_Ext);\n         letter-spacing: 2.64px;\n         text-transform: uppercase;\n         font-weight: calc(var(--wdtFontWeight_Ext) + 100 );\n     }\n     \n     \n     \/*Responsive*\/\n     \n     \n    \n    \n    \n<\/style>\t\t<\/div>\n\t\t\t\t<\/div>\n\t\t\t\t\t<\/div>\n\t\t<\/div>\n\t\t\t\t\t<\/div>\n\t\t<\/section>\n\t\t\t\t<\/div>","protected":false},"excerpt":{"rendered":"<p>DA\u0130MA YEN\u0130L\u0130K\u00c7\u0130 Ana faaliyet alan\u0131 olan in\u015faat sekt\u00f6r\u00fcnde; do\u011faya sayg\u0131l\u0131 \u00e7evre ve peyzaj d\u00fczenlemeleriyle hayata ge\u00e7irdi\u011fi b\u00fcy\u00fck konut sitelerinin yan\u0131 s\u0131ra i\u015f merkezleri, al\u0131\u015fveri\u015f merkezleri, okul ve hastane binalar\u0131, turizm ve spor tesisleri, \u015fehir parklar\u0131, plaza ofis binalar\u0131, sanayi tesisleri ve benzeri bir \u00e7ok yap\u0131n\u0131n tasar\u0131m ve uygulamas\u0131nda yat\u0131r\u0131mlar\u0131n\u0131 ger\u00e7ekle\u015ftiren FKG Grup ; in\u015faat sekt\u00f6r\u00fcn\u00fcn [&hellip;]<\/p>","protected":false},"author":1,"featured_media":1175,"parent":0,"menu_order":0,"comment_status":"closed","ping_status":"closed","template":"","meta":{"footnotes":""},"class_list":["post-1428","page","type-page","status-publish","has-post-thumbnail","hentry"],"_links":{"self":[{"href":"https:\/\/fkg.com.tr\/en\/wp-json\/wp\/v2\/pages\/1428","targetHints":{"allow":["GET"]}}],"collection":[{"href":"https:\/\/fkg.com.tr\/en\/wp-json\/wp\/v2\/pages"}],"about":[{"href":"https:\/\/fkg.com.tr\/en\/wp-json\/wp\/v2\/types\/page"}],"author":[{"embeddable":true,"href":"https:\/\/fkg.com.tr\/en\/wp-json\/wp\/v2\/users\/1"}],"replies":[{"embeddable":true,"href":"https:\/\/fkg.com.tr\/en\/wp-json\/wp\/v2\/comments?post=1428"}],"version-history":[{"count":6,"href":"https:\/\/fkg.com.tr\/en\/wp-json\/wp\/v2\/pages\/1428\/revisions"}],"predecessor-version":[{"id":2143,"href":"https:\/\/fkg.com.tr\/en\/wp-json\/wp\/v2\/pages\/1428\/revisions\/2143"}],"wp:featuredmedia":[{"embeddable":true,"href":"https:\/\/fkg.com.tr\/en\/wp-json\/"}],"wp:attachment":[{"href":"https:\/\/fkg.com.tr\/en\/wp-json\/wp\/v2\/media?parent=1428"}],"curies":[{"name":"wp","href":"https:\/\/api.w.org\/{rel}","templated":true}]}}