{"id":1596,"date":"2023-04-04T08:05:38","date_gmt":"2023-04-04T05:05:38","guid":{"rendered":"http:\/\/www.ersanabi.com\/fkg\/?page_id=578"},"modified":"2023-09-23T22:30:24","modified_gmt":"2023-09-23T19:30:24","slug":"insaat","status":"publish","type":"page","link":"https:\/\/fkg.com.tr\/en\/faaliyet\/insaat\/","title":{"rendered":"CONSTRUCTION"},"content":{"rendered":"<div data-elementor-type=\"wp-page\" data-elementor-id=\"1596\" class=\"elementor elementor-1596\" data-elementor-post-type=\"page\">\n\t\t\t\t\t\t<section class=\"elementor-section elementor-top-section elementor-element elementor-element-09c2d0e elementor-section-boxed elementor-section-height-default elementor-section-height-default\" data-id=\"09c2d0e\" data-element_type=\"section\" data-settings=\"{&quot;wdt_bg_image&quot;:{&quot;url&quot;:&quot;&quot;,&quot;id&quot;:&quot;&quot;,&quot;size&quot;:&quot;&quot;},&quot;wdt_bg_image_tablet&quot;:{&quot;url&quot;:&quot;&quot;,&quot;id&quot;:&quot;&quot;,&quot;size&quot;:&quot;&quot;},&quot;wdt_bg_image_mobile&quot;:{&quot;url&quot;:&quot;&quot;,&quot;id&quot;:&quot;&quot;,&quot;size&quot;:&quot;&quot;},&quot;wdt_bg_position&quot;:&quot;center center&quot;,&quot;wdt_animation_effect&quot;:&quot;none&quot;}\">\n\t\t\t\t\t\t<div class=\"elementor-container elementor-column-gap-no\">\n\t\t\t\t\t<div class=\"elementor-column elementor-col-100 elementor-top-column elementor-element elementor-element-e550f72\" data-id=\"e550f72\" data-element_type=\"column\">\n\t\t\t<div class=\"elementor-widget-wrap elementor-element-populated\">\n\t\t\t\t\t\t<div class=\"elementor-element elementor-element-0a600fc elementor-widget elementor-widget-image\" data-id=\"0a600fc\" data-element_type=\"widget\" data-settings=\"{&quot;wdt_animation_effect&quot;:&quot;none&quot;}\" data-widget_type=\"image.default\">\n\t\t\t\t<div class=\"elementor-widget-container\">\n\t\t\t<style>\/*! elementor - v3.19.0 - 28-02-2024 *\/\n.elementor-widget-image{text-align:center}.elementor-widget-image a{display:inline-block}.elementor-widget-image a img[src$=\".svg\"]{width:48px}.elementor-widget-image img{vertical-align:middle;display:inline-block}<\/style>\t\t\t\t\t\t\t\t\t\t<img fetchpriority=\"high\" decoding=\"async\" width=\"1500\" height=\"1000\" src=\"https:\/\/fkg.com.tr\/wp-content\/uploads\/2023\/09\/FKG-Insaat-1.jpg\" class=\"attachment-full size-full wp-image-1737\" alt=\"\" srcset=\"https:\/\/fkg.com.tr\/wp-content\/uploads\/2023\/09\/FKG-Insaat-1.jpg 1500w, https:\/\/fkg.com.tr\/wp-content\/uploads\/2023\/09\/FKG-Insaat-1-300x200.jpg 300w, https:\/\/fkg.com.tr\/wp-content\/uploads\/2023\/09\/FKG-Insaat-1-1024x683.jpg 1024w, https:\/\/fkg.com.tr\/wp-content\/uploads\/2023\/09\/FKG-Insaat-1-768x512.jpg 768w\" sizes=\"(max-width: 1500px) 100vw, 1500px\" \/>\t\t\t\t\t\t\t\t\t\t\t\t\t<\/div>\n\t\t\t\t<\/div>\n\t\t\t\t<div class=\"elementor-element elementor-element-e18c8e1 start elementor-widget elementor-widget-wdt-heading\" data-id=\"e18c8e1\" data-element_type=\"widget\" data-settings=\"{&quot;wdt_animation_effect&quot;:&quot;none&quot;}\" data-widget_type=\"wdt-heading.default\">\n\t\t\t\t<div class=\"elementor-widget-container\">\n\t\t\t<div class=\"wdt-heading-holder\" id=\"wdt-heading-e18c8e1\"><h1 class=\"wdt-heading-title-wrapper wdt-heading-align-center wdt-heading-deco-wrapper\"><span class=\"wdt-heading-title\">ALWAYS QUALITY<\/span><\/h1><div class=\"wdt-heading-content-wrapper\">Keeping with its philosophy of \"quality life is everyone's right\" and showcasing its luxury housing projects in Turkey and overseas, FKG Construction continues to engage in the construction sector by displaying the brand value it has established in housing to clients.\n<\/div><\/div>\t\t<\/div>\n\t\t\t\t<\/div>\n\t\t\t\t<div class=\"elementor-element elementor-element-59b4fd6 start elementor-widget elementor-widget-wdt-heading\" data-id=\"59b4fd6\" data-element_type=\"widget\" data-settings=\"{&quot;wdt_animation_effect&quot;:&quot;none&quot;}\" data-widget_type=\"wdt-heading.default\">\n\t\t\t\t<div class=\"elementor-widget-container\">\n\t\t\t<div class=\"wdt-heading-holder\" id=\"wdt-heading-59b4fd6\"><h3 class=\"wdt-heading-title-wrapper wdt-heading-align-center wdt-heading-deco-wrapper\"><span class=\"wdt-heading-title\">STRONG AND RELIABLE<\/span><\/h3><div class=\"wdt-heading-content-wrapper\">FKG Construction continues its investments in the design and implementation of business centers, shopping malls, school and hospital buildings, tourism and sports facilities, city parks, plaza office buildings, industrial facilities and many similar structures, as well as large housing estates with its strong and reliable infrastructure, various sports and social facilities, environment and landscaping arrangements respectful to nature, and positions itself in higher positions in the sector day by day.\n\n<\/div><\/div>\t\t<\/div>\n\t\t\t\t<\/div>\n\t\t\t\t<div class=\"elementor-element elementor-element-0abf2a7 elementor-widget elementor-widget-image\" data-id=\"0abf2a7\" data-element_type=\"widget\" data-settings=\"{&quot;wdt_animation_effect&quot;:&quot;none&quot;}\" data-widget_type=\"image.default\">\n\t\t\t\t<div class=\"elementor-widget-container\">\n\t\t\t\t\t\t\t\t\t\t\t\t\t<img decoding=\"async\" width=\"1024\" height=\"385\" src=\"https:\/\/fkg.com.tr\/wp-content\/uploads\/2023\/09\/FKG-Insaat-2-1024x385.jpg\" class=\"attachment-large size-large wp-image-1738\" alt=\"\" srcset=\"https:\/\/fkg.com.tr\/wp-content\/uploads\/2023\/09\/FKG-Insaat-2-1024x385.jpg 1024w, https:\/\/fkg.com.tr\/wp-content\/uploads\/2023\/09\/FKG-Insaat-2-300x113.jpg 300w, https:\/\/fkg.com.tr\/wp-content\/uploads\/2023\/09\/FKG-Insaat-2-768x288.jpg 768w, https:\/\/fkg.com.tr\/wp-content\/uploads\/2023\/09\/FKG-Insaat-2-1536x577.jpg 1536w, https:\/\/fkg.com.tr\/wp-content\/uploads\/2023\/09\/FKG-Insaat-2.jpg 2000w\" sizes=\"(max-width: 1024px) 100vw, 1024px\" \/>\t\t\t\t\t\t\t\t\t\t\t\t\t<\/div>\n\t\t\t\t<\/div>\n\t\t\t\t\t<\/div>\n\t\t<\/div>\n\t\t\t\t\t<\/div>\n\t\t<\/section>\n\t\t\t\t<\/div>","protected":false},"excerpt":{"rendered":"<p>DA\u0130MA KAL\u0130TEL\u0130 FKG \u0130n\u015faat, konutta yaratt\u0131\u011f\u0131 marka de\u011ferini, \u201ckaliteli ya\u015fam herkesin hakk\u0131\u201d mottosuyla, yurt i\u00e7i ve yurt d\u0131\u015f\u0131nda hayata ge\u00e7irdi\u011fi l\u00fcks konut projelerini m\u00fc\u015fterilerine sunarak in\u015faat sekt\u00f6r\u00fcnde faaliyetlerine devam etmektedir. G\u00dc\u00c7L\u00dc ve G\u00dcVEN\u0130L\u0130R FKG \u0130n\u015faat, g\u00fc\u00e7l\u00fc ve g\u00fcvenilir alt yap\u0131s\u0131, \u00e7e\u015fitli spor ve sosyal tesisleri, do\u011faya sayg\u0131l\u0131 \u00e7evre ve peyzaj d\u00fczenlemeleriyle hayata ge\u00e7irdi\u011fi b\u00fcy\u00fck konut [&hellip;]<\/p>","protected":false},"author":1,"featured_media":0,"parent":1163,"menu_order":0,"comment_status":"closed","ping_status":"closed","template":"tpl-side-nav.php","meta":{"footnotes":""},"class_list":["post-1596","page","type-page","status-publish","hentry"],"_links":{"self":[{"href":"https:\/\/fkg.com.tr\/en\/wp-json\/wp\/v2\/pages\/1596","targetHints":{"allow":["GET"]}}],"collection":[{"href":"https:\/\/fkg.com.tr\/en\/wp-json\/wp\/v2\/pages"}],"about":[{"href":"https:\/\/fkg.com.tr\/en\/wp-json\/wp\/v2\/types\/page"}],"author":[{"embeddable":true,"href":"https:\/\/fkg.com.tr\/en\/wp-json\/wp\/v2\/users\/1"}],"replies":[{"embeddable":true,"href":"https:\/\/fkg.com.tr\/en\/wp-json\/wp\/v2\/comments?post=1596"}],"version-history":[{"count":6,"href":"https:\/\/fkg.com.tr\/en\/wp-json\/wp\/v2\/pages\/1596\/revisions"}],"predecessor-version":[{"id":1896,"href":"https:\/\/fkg.com.tr\/en\/wp-json\/wp\/v2\/pages\/1596\/revisions\/1896"}],"up":[{"embeddable":true,"href":"https:\/\/fkg.com.tr\/en\/wp-json\/wp\/v2\/pages\/1163"}],"wp:attachment":[{"href":"https:\/\/fkg.com.tr\/en\/wp-json\/wp\/v2\/media?parent=1596"}],"curies":[{"name":"wp","href":"https:\/\/api.w.org\/{rel}","templated":true}]}}