{"id":1599,"date":"2023-04-04T08:25:35","date_gmt":"2023-04-04T05:25:35","guid":{"rendered":"http:\/\/www.ersanabi.com\/fkg\/?page_id=585"},"modified":"2024-03-21T23:10:05","modified_gmt":"2024-03-21T20:10:05","slug":"teknoloji","status":"publish","type":"page","link":"https:\/\/fkg.com.tr\/en\/faaliyet\/teknoloji\/","title":{"rendered":"Technology"},"content":{"rendered":"<div data-elementor-type=\"wp-page\" data-elementor-id=\"1599\" class=\"elementor elementor-1599\" data-elementor-post-type=\"page\">\n\t\t\t\t\t\t<section class=\"elementor-section elementor-top-section elementor-element elementor-element-997dab5 elementor-section-boxed elementor-section-height-default elementor-section-height-default\" data-id=\"997dab5\" data-element_type=\"section\" data-settings=\"{&quot;wdt_bg_image&quot;:{&quot;url&quot;:&quot;&quot;,&quot;id&quot;:&quot;&quot;,&quot;size&quot;:&quot;&quot;},&quot;wdt_bg_image_tablet&quot;:{&quot;url&quot;:&quot;&quot;,&quot;id&quot;:&quot;&quot;,&quot;size&quot;:&quot;&quot;},&quot;wdt_bg_image_mobile&quot;:{&quot;url&quot;:&quot;&quot;,&quot;id&quot;:&quot;&quot;,&quot;size&quot;:&quot;&quot;},&quot;wdt_bg_position&quot;:&quot;center center&quot;,&quot;wdt_animation_effect&quot;:&quot;none&quot;}\">\n\t\t\t\t\t\t<div class=\"elementor-container elementor-column-gap-no\">\n\t\t\t\t\t<div class=\"elementor-column elementor-col-100 elementor-top-column elementor-element elementor-element-927610b\" data-id=\"927610b\" data-element_type=\"column\">\n\t\t\t<div class=\"elementor-widget-wrap elementor-element-populated\">\n\t\t\t\t\t\t<div class=\"elementor-element elementor-element-947f793 elementor-widget elementor-widget-image\" data-id=\"947f793\" data-element_type=\"widget\" data-settings=\"{&quot;wdt_animation_effect&quot;:&quot;none&quot;}\" data-widget_type=\"image.default\">\n\t\t\t\t<div class=\"elementor-widget-container\">\n\t\t\t<style>\/*! elementor - v3.19.0 - 28-02-2024 *\/\n.elementor-widget-image{text-align:center}.elementor-widget-image a{display:inline-block}.elementor-widget-image a img[src$=\".svg\"]{width:48px}.elementor-widget-image img{vertical-align:middle;display:inline-block}<\/style>\t\t\t\t\t\t\t\t\t\t<img fetchpriority=\"high\" decoding=\"async\" width=\"1500\" height=\"1000\" src=\"https:\/\/fkg.com.tr\/wp-content\/uploads\/2023\/09\/teknoloji.jpg\" class=\"attachment-full size-full wp-image-1799\" alt=\"\" srcset=\"https:\/\/fkg.com.tr\/wp-content\/uploads\/2023\/09\/teknoloji.jpg 1500w, https:\/\/fkg.com.tr\/wp-content\/uploads\/2023\/09\/teknoloji-300x200.jpg 300w, https:\/\/fkg.com.tr\/wp-content\/uploads\/2023\/09\/teknoloji-1024x683.jpg 1024w, https:\/\/fkg.com.tr\/wp-content\/uploads\/2023\/09\/teknoloji-768x512.jpg 768w\" sizes=\"(max-width: 1500px) 100vw, 1500px\" \/>\t\t\t\t\t\t\t\t\t\t\t\t\t<\/div>\n\t\t\t\t<\/div>\n\t\t\t\t<div class=\"elementor-element elementor-element-f43255e start elementor-widget elementor-widget-wdt-heading\" data-id=\"f43255e\" data-element_type=\"widget\" data-settings=\"{&quot;wdt_animation_effect&quot;:&quot;none&quot;}\" data-widget_type=\"wdt-heading.default\">\n\t\t\t\t<div class=\"elementor-widget-container\">\n\t\t\t<div class=\"wdt-heading-holder\" id=\"wdt-heading-f43255e\"><h1 class=\"wdt-heading-title-wrapper wdt-heading-align-center wdt-heading-deco-wrapper\"><span class=\"wdt-heading-title\">TOMORROW OF INNOVATION<\/span><\/h1><div class=\"wdt-heading-content-wrapper\">Drawing attention to the importance of keeping up with the times in a world where technology and the digital gaming industry are developing and changing at a dizzying pace, FKG Group aims to direct the young, dynamic and trained engineer potential available in Turkey to this field. \n<br><br>\nFor this purpose, Centientlabs, established under the FKG umbrella brand, has formed a partnership with a Cambridge, England-based company that has been designing, developing and marketing award-winning products in this sector for many years and shaping the technology world with its innovations in its field.\n<br><br>\nWith its investments in technology and innovation, FKG Group aims to position itself at the forefront of the sector in the field of digital technology.\n\n<\/div><\/div>\t\t<\/div>\n\t\t\t\t<\/div>\n\t\t\t\t<div class=\"elementor-element elementor-element-4885892 elementor-widget elementor-widget-text-editor\" data-id=\"4885892\" data-element_type=\"widget\" data-settings=\"{&quot;wdt_animation_effect&quot;:&quot;none&quot;}\" data-widget_type=\"text-editor.default\">\n\t\t\t\t<div class=\"elementor-widget-container\">\n\t\t\t<style>\/*! elementor - v3.19.0 - 28-02-2024 *\/\n.elementor-widget-text-editor.elementor-drop-cap-view-stacked .elementor-drop-cap{background-color:#69727d;color:#fff}.elementor-widget-text-editor.elementor-drop-cap-view-framed .elementor-drop-cap{color:#69727d;border:3px solid;background-color:transparent}.elementor-widget-text-editor:not(.elementor-drop-cap-view-default) .elementor-drop-cap{margin-top:8px}.elementor-widget-text-editor:not(.elementor-drop-cap-view-default) .elementor-drop-cap-letter{width:1em;height:1em}.elementor-widget-text-editor .elementor-drop-cap{float:left;text-align:center;line-height:1;font-size:50px}.elementor-widget-text-editor .elementor-drop-cap-letter{display:inline-block}<\/style>\t\t\t\t<p><a href=\"http:\/\/www.kamerabayisi.com\">.\u00a0<\/a><\/p>\t\t\t\t\t\t<\/div>\n\t\t\t\t<\/div>\n\t\t\t\t<div class=\"elementor-element elementor-element-8df1c31 elementor-widget elementor-widget-image\" data-id=\"8df1c31\" data-element_type=\"widget\" data-settings=\"{&quot;wdt_animation_effect&quot;:&quot;none&quot;}\" data-widget_type=\"image.default\">\n\t\t\t\t<div class=\"elementor-widget-container\">\n\t\t\t\t\t\t\t\t\t\t\t\t\t<img decoding=\"async\" width=\"1024\" height=\"385\" src=\"https:\/\/fkg.com.tr\/wp-content\/uploads\/2023\/09\/teknoloji-alt-bant-1024x385.jpg\" class=\"attachment-large size-large wp-image-1798\" alt=\"\" srcset=\"https:\/\/fkg.com.tr\/wp-content\/uploads\/2023\/09\/teknoloji-alt-bant-1024x385.jpg 1024w, https:\/\/fkg.com.tr\/wp-content\/uploads\/2023\/09\/teknoloji-alt-bant-300x113.jpg 300w, https:\/\/fkg.com.tr\/wp-content\/uploads\/2023\/09\/teknoloji-alt-bant-768x288.jpg 768w, https:\/\/fkg.com.tr\/wp-content\/uploads\/2023\/09\/teknoloji-alt-bant-1536x577.jpg 1536w, https:\/\/fkg.com.tr\/wp-content\/uploads\/2023\/09\/teknoloji-alt-bant.jpg 2000w\" sizes=\"(max-width: 1024px) 100vw, 1024px\" \/>\t\t\t\t\t\t\t\t\t\t\t\t\t<\/div>\n\t\t\t\t<\/div>\n\t\t\t\t<div class=\"elementor-element elementor-element-b0fb733 elementor-widget elementor-widget-text-editor\" data-id=\"b0fb733\" data-element_type=\"widget\" data-settings=\"{&quot;wdt_animation_effect&quot;:&quot;none&quot;}\" data-widget_type=\"text-editor.default\">\n\t\t\t\t<div class=\"elementor-widget-container\">\n\t\t\t\t\t\t\t<p><a href=\"http:\/\/www.ahmetceylan.com.tr\">.\u00a0<\/a><\/p>\t\t\t\t\t\t<\/div>\n\t\t\t\t<\/div>\n\t\t\t\t\t<\/div>\n\t\t<\/div>\n\t\t\t\t\t<\/div>\n\t\t<\/section>\n\t\t\t\t<\/div>","protected":false},"excerpt":{"rendered":"<p>\u0130NOVASYONUN YARINI Teknolojinin ve dijital oyun sekt\u00f6r\u00fcn\u00fcn ba\u015f d\u00f6nd\u00fcr\u00fcc\u00fc bir h\u0131zla geli\u015fti\u011fi ve de\u011fi\u015fti\u011fi bir d\u00fcnyada \u00e7a\u011fa ayak uydurman\u0131n \u00f6nemine dikkat \u00e7eken FKG Grup, T\u00fcrkiye\u2019de mevcut olan gen\u00e7, dinamik ve yeti\u015fmi\u015f m\u00fchendis potansiyelini bu alana y\u00f6nlendirmeyi hedeflemektedir. Bu ama\u00e7 do\u011frultusunda FKG \u00e7at\u0131 markas\u0131 alt\u0131nda kurulan Centientlabs \u015firketi, uzun y\u0131llard\u0131r bu sekt\u00f6rde \u00f6d\u00fcll\u00fc \u00fcr\u00fcnler tasarlayan, geli\u015ftiren, [&hellip;]<\/p>","protected":false},"author":1,"featured_media":0,"parent":1163,"menu_order":0,"comment_status":"closed","ping_status":"closed","template":"tpl-side-nav.php","meta":{"footnotes":""},"class_list":["post-1599","page","type-page","status-publish","hentry"],"_links":{"self":[{"href":"https:\/\/fkg.com.tr\/en\/wp-json\/wp\/v2\/pages\/1599","targetHints":{"allow":["GET"]}}],"collection":[{"href":"https:\/\/fkg.com.tr\/en\/wp-json\/wp\/v2\/pages"}],"about":[{"href":"https:\/\/fkg.com.tr\/en\/wp-json\/wp\/v2\/types\/page"}],"author":[{"embeddable":true,"href":"https:\/\/fkg.com.tr\/en\/wp-json\/wp\/v2\/users\/1"}],"replies":[{"embeddable":true,"href":"https:\/\/fkg.com.tr\/en\/wp-json\/wp\/v2\/comments?post=1599"}],"version-history":[{"count":15,"href":"https:\/\/fkg.com.tr\/en\/wp-json\/wp\/v2\/pages\/1599\/revisions"}],"predecessor-version":[{"id":2287,"href":"https:\/\/fkg.com.tr\/en\/wp-json\/wp\/v2\/pages\/1599\/revisions\/2287"}],"up":[{"embeddable":true,"href":"https:\/\/fkg.com.tr\/en\/wp-json\/wp\/v2\/pages\/1163"}],"wp:attachment":[{"href":"https:\/\/fkg.com.tr\/en\/wp-json\/wp\/v2\/media?parent=1599"}],"curies":[{"name":"wp","href":"https:\/\/api.w.org\/{rel}","templated":true}]}}