{"id":1667,"date":"2023-08-11T01:27:24","date_gmt":"2023-08-10T22:27:24","guid":{"rendered":"http:\/\/www.ersanabi.com\/fkg\/?page_id=1667"},"modified":"2023-09-23T22:46:29","modified_gmt":"2023-09-23T19:46:29","slug":"bm-kuresel-ilkeler-sozlesmesi","status":"publish","type":"page","link":"https:\/\/fkg.com.tr\/en\/bm-kuresel-ilkeler-sozlesmesi\/","title":{"rendered":"UN GLOBAL COMPACT"},"content":{"rendered":"<div data-elementor-type=\"wp-page\" data-elementor-id=\"1667\" class=\"elementor elementor-1667\" data-elementor-post-type=\"page\">\n\t\t\t\t\t\t<section class=\"elementor-section elementor-top-section elementor-element elementor-element-4940eea elementor-section-full_width elementor-section-height-default elementor-section-height-default\" data-id=\"4940eea\" data-element_type=\"section\" data-settings=\"{&quot;background_background&quot;:&quot;classic&quot;,&quot;wdt_bg_image&quot;:{&quot;url&quot;:&quot;&quot;,&quot;id&quot;:&quot;&quot;,&quot;size&quot;:&quot;&quot;},&quot;wdt_bg_image_tablet&quot;:{&quot;url&quot;:&quot;&quot;,&quot;id&quot;:&quot;&quot;,&quot;size&quot;:&quot;&quot;},&quot;wdt_bg_image_mobile&quot;:{&quot;url&quot;:&quot;&quot;,&quot;id&quot;:&quot;&quot;,&quot;size&quot;:&quot;&quot;},&quot;wdt_bg_position&quot;:&quot;center center&quot;,&quot;wdt_animation_effect&quot;:&quot;none&quot;}\">\n\t\t\t\t\t\t<div class=\"elementor-container elementor-column-gap-no\">\n\t\t\t\t\t<div class=\"elementor-column elementor-col-100 elementor-top-column elementor-element elementor-element-ce58cf2\" data-id=\"ce58cf2\" data-element_type=\"column\">\n\t\t\t<div class=\"elementor-widget-wrap elementor-element-populated\">\n\t\t\t\t\t\t<section class=\"elementor-section elementor-inner-section elementor-element elementor-element-5d35188 elementor-section-full_width wdt-cus-about-us-section elementor-section-height-default elementor-section-height-default\" data-id=\"5d35188\" data-element_type=\"section\" data-settings=\"{&quot;wdt_bg_image&quot;:{&quot;url&quot;:&quot;&quot;,&quot;id&quot;:&quot;&quot;,&quot;size&quot;:&quot;&quot;},&quot;wdt_bg_image_tablet&quot;:{&quot;url&quot;:&quot;&quot;,&quot;id&quot;:&quot;&quot;,&quot;size&quot;:&quot;&quot;},&quot;wdt_bg_image_mobile&quot;:{&quot;url&quot;:&quot;&quot;,&quot;id&quot;:&quot;&quot;,&quot;size&quot;:&quot;&quot;},&quot;wdt_bg_position&quot;:&quot;center center&quot;,&quot;wdt_animation_effect&quot;:&quot;none&quot;}\">\n\t\t\t\t\t\t<div class=\"elementor-container elementor-column-gap-no\">\n\t\t\t\t\t<div class=\"elementor-column elementor-col-100 elementor-inner-column elementor-element elementor-element-fc2e51b wdt-col-with-bg-img\" data-id=\"fc2e51b\" data-element_type=\"column\" data-settings=\"{&quot;background_background&quot;:&quot;classic&quot;}\">\n\t\t\t<div class=\"elementor-widget-wrap elementor-element-populated\">\n\t\t\t\t\t<div class=\"elementor-background-overlay\"><\/div>\n\t\t\t\t\t\t<div class=\"elementor-element elementor-element-cf36a1b start start elementor-widget-tablet__width-inherit elementor-widget-mobile__width-inherit elementor-widget__width-initial wdt-cus-heading elementor-widget elementor-widget-wdt-heading\" data-id=\"cf36a1b\" data-element_type=\"widget\" data-settings=\"{&quot;wdt_animation_effect&quot;:&quot;none&quot;}\" data-widget_type=\"wdt-heading.default\">\n\t\t\t\t<div class=\"elementor-widget-container\">\n\t\t\t<div class=\"wdt-heading-holder\" id=\"wdt-heading-cf36a1b\"><h1 class=\"wdt-heading-title-wrapper wdt-heading-align-center wdt-heading-deco-wrapper\"><span class=\"wdt-heading-title\">CONSTANTLY INNOVATIVE<\/span><\/h1><div class=\"wdt-heading-content-wrapper\">FKG Group adopts principles based on universally accepted declarations within the framework of the \"UN Global Compact\". Since January 2021, FKG Group has been a signatory to the Global Compact principles that put Human Rights, Labor Standards, Environment and Anti-Corruption at the center.\n<br><br>\nIn accordance with these principles;<\/div><\/div>\t\t<\/div>\n\t\t\t\t<\/div>\n\t\t\t\t\t<\/div>\n\t\t<\/div>\n\t\t\t\t\t<\/div>\n\t\t<\/section>\n\t\t\t\t<section class=\"elementor-section elementor-inner-section elementor-element elementor-element-759f0e5 elementor-section-full_width elementor-reverse-tablet elementor-reverse-mobile elementor-section-height-default elementor-section-height-default\" data-id=\"759f0e5\" data-element_type=\"section\" data-settings=\"{&quot;wdt_bg_image&quot;:{&quot;url&quot;:&quot;&quot;,&quot;id&quot;:&quot;&quot;,&quot;size&quot;:&quot;&quot;},&quot;wdt_bg_image_tablet&quot;:{&quot;url&quot;:&quot;&quot;,&quot;id&quot;:&quot;&quot;,&quot;size&quot;:&quot;&quot;},&quot;wdt_bg_image_mobile&quot;:{&quot;url&quot;:&quot;&quot;,&quot;id&quot;:&quot;&quot;,&quot;size&quot;:&quot;&quot;},&quot;wdt_bg_position&quot;:&quot;center center&quot;,&quot;wdt_animation_effect&quot;:&quot;none&quot;}\">\n\t\t\t\t\t\t\t<div class=\"elementor-background-overlay\"><\/div>\n\t\t\t\t\t\t\t<div class=\"elementor-container elementor-column-gap-no\">\n\t\t\t\t\t<div class=\"elementor-column elementor-col-100 elementor-inner-column elementor-element elementor-element-82aa17d\" data-id=\"82aa17d\" data-element_type=\"column\" data-settings=\"{&quot;background_background&quot;:&quot;classic&quot;}\">\n\t\t\t<div class=\"elementor-widget-wrap elementor-element-populated\">\n\t\t\t\t\t<div class=\"elementor-background-overlay\"><\/div>\n\t\t\t\t\t\t<div class=\"elementor-element elementor-element-e04a882 elementor-widget elementor-widget-image\" data-id=\"e04a882\" data-element_type=\"widget\" data-settings=\"{&quot;wdt_animation_effect&quot;:&quot;none&quot;}\" data-widget_type=\"image.default\">\n\t\t\t\t<div class=\"elementor-widget-container\">\n\t\t\t<style>\/*! elementor - v3.19.0 - 28-02-2024 *\/\n.elementor-widget-image{text-align:center}.elementor-widget-image a{display:inline-block}.elementor-widget-image a img[src$=\".svg\"]{width:48px}.elementor-widget-image img{vertical-align:middle;display:inline-block}<\/style>\t\t\t\t\t\t\t\t\t\t<img fetchpriority=\"high\" decoding=\"async\" width=\"1024\" height=\"672\" src=\"https:\/\/fkg.com.tr\/wp-content\/uploads\/2023\/09\/bm-kuresel-ilkeler-sozlesmesi-1024x672.jpg\" class=\"attachment-large size-large wp-image-1711\" alt=\"\" srcset=\"https:\/\/fkg.com.tr\/wp-content\/uploads\/2023\/09\/bm-kuresel-ilkeler-sozlesmesi-1024x672.jpg 1024w, https:\/\/fkg.com.tr\/wp-content\/uploads\/2023\/09\/bm-kuresel-ilkeler-sozlesmesi-300x197.jpg 300w, https:\/\/fkg.com.tr\/wp-content\/uploads\/2023\/09\/bm-kuresel-ilkeler-sozlesmesi-768x504.jpg 768w, https:\/\/fkg.com.tr\/wp-content\/uploads\/2023\/09\/bm-kuresel-ilkeler-sozlesmesi-1536x1008.jpg 1536w, https:\/\/fkg.com.tr\/wp-content\/uploads\/2023\/09\/bm-kuresel-ilkeler-sozlesmesi.jpg 1645w\" sizes=\"(max-width: 1024px) 100vw, 1024px\" \/>\t\t\t\t\t\t\t\t\t\t\t\t\t<\/div>\n\t\t\t\t<\/div>\n\t\t\t\t\t<\/div>\n\t\t<\/div>\n\t\t\t\t\t<\/div>\n\t\t<\/section>\n\t\t\t\t<section class=\"elementor-section elementor-inner-section elementor-element elementor-element-eb9237e elementor-section-full_width wdt-cus-about-us-section elementor-section-height-default elementor-section-height-default\" data-id=\"eb9237e\" data-element_type=\"section\" data-settings=\"{&quot;wdt_bg_image&quot;:{&quot;url&quot;:&quot;&quot;,&quot;id&quot;:&quot;&quot;,&quot;size&quot;:&quot;&quot;},&quot;wdt_bg_image_tablet&quot;:{&quot;url&quot;:&quot;&quot;,&quot;id&quot;:&quot;&quot;,&quot;size&quot;:&quot;&quot;},&quot;wdt_bg_image_mobile&quot;:{&quot;url&quot;:&quot;&quot;,&quot;id&quot;:&quot;&quot;,&quot;size&quot;:&quot;&quot;},&quot;wdt_bg_position&quot;:&quot;center center&quot;,&quot;wdt_animation_effect&quot;:&quot;none&quot;}\">\n\t\t\t\t\t\t<div class=\"elementor-container elementor-column-gap-no\">\n\t\t\t\t\t<div class=\"elementor-column elementor-col-100 elementor-inner-column elementor-element elementor-element-fdac818 wdt-col-with-bg-img\" data-id=\"fdac818\" data-element_type=\"column\" data-settings=\"{&quot;background_background&quot;:&quot;classic&quot;}\">\n\t\t\t<div class=\"elementor-widget-wrap elementor-element-populated\">\n\t\t\t\t\t<div class=\"elementor-background-overlay\"><\/div>\n\t\t\t\t\t\t<div class=\"elementor-element elementor-element-4d4dd8b start start elementor-widget-tablet__width-inherit elementor-widget-mobile__width-inherit elementor-widget__width-initial wdt-cus-heading elementor-widget elementor-widget-wdt-heading\" data-id=\"4d4dd8b\" data-element_type=\"widget\" data-settings=\"{&quot;wdt_animation_effect&quot;:&quot;none&quot;}\" data-widget_type=\"wdt-heading.default\">\n\t\t\t\t<div class=\"elementor-widget-container\">\n\t\t\t<div class=\"wdt-heading-holder\" id=\"wdt-heading-4d4dd8b\"><div class=\"wdt-heading-content-wrapper\">The FKG Group supports and respects proclaimed human rights.<br>\nFKG Group cannot be complicit in human rights violations.<br>\nFKG Group supports employees' freedom of association and collective bargaining.<br>\nIt does not allow forced and compulsory labor.<br>\nIt opposes all forms of child labor and works to end it.<br>\nDiscrimination in recruitment and placement is not permitted.<br>\nFKG Group supports precautionary approaches to environmental issues.<br>\nSupports all kinds of activities and organizations that will increase environmental responsibility.<br>\nIt supports the development and diffusion of environmentally friendly technologies.<br>\nIn business, he fights corruption in all its forms, including bribery and extortion.<br><\/div><\/div>\t\t<\/div>\n\t\t\t\t<\/div>\n\t\t\t\t\t<\/div>\n\t\t<\/div>\n\t\t\t\t\t<\/div>\n\t\t<\/section>\n\t\t\t\t<section class=\"elementor-section elementor-inner-section elementor-element elementor-element-c99f09e elementor-section-full_width elementor-reverse-tablet elementor-reverse-mobile elementor-section-height-default elementor-section-height-default\" data-id=\"c99f09e\" data-element_type=\"section\" data-settings=\"{&quot;wdt_bg_image&quot;:{&quot;url&quot;:&quot;&quot;,&quot;id&quot;:&quot;&quot;,&quot;size&quot;:&quot;&quot;},&quot;wdt_bg_image_tablet&quot;:{&quot;url&quot;:&quot;&quot;,&quot;id&quot;:&quot;&quot;,&quot;size&quot;:&quot;&quot;},&quot;wdt_bg_image_mobile&quot;:{&quot;url&quot;:&quot;&quot;,&quot;id&quot;:&quot;&quot;,&quot;size&quot;:&quot;&quot;},&quot;wdt_bg_position&quot;:&quot;center center&quot;,&quot;wdt_animation_effect&quot;:&quot;none&quot;}\">\n\t\t\t\t\t\t<div class=\"elementor-container elementor-column-gap-no\">\n\t\t\t\t\t<div class=\"elementor-column elementor-col-100 elementor-inner-column elementor-element elementor-element-8828e01\" data-id=\"8828e01\" data-element_type=\"column\" data-settings=\"{&quot;background_background&quot;:&quot;classic&quot;}\">\n\t\t\t<div class=\"elementor-widget-wrap elementor-element-populated\">\n\t\t\t\t\t<div class=\"elementor-background-overlay\"><\/div>\n\t\t\t\t\t\t<div class=\"elementor-element elementor-element-4917ac1 elementor-widget elementor-widget-image\" data-id=\"4917ac1\" data-element_type=\"widget\" data-settings=\"{&quot;wdt_animation_effect&quot;:&quot;none&quot;}\" data-widget_type=\"image.default\">\n\t\t\t\t<div class=\"elementor-widget-container\">\n\t\t\t\t\t\t\t\t\t\t\t\t\t<img decoding=\"async\" width=\"1024\" height=\"617\" src=\"https:\/\/fkg.com.tr\/wp-content\/uploads\/2023\/09\/kuresel-hedefler-2048x1233-1-1024x617.png\" class=\"attachment-large size-large wp-image-1771\" alt=\"\" srcset=\"https:\/\/fkg.com.tr\/wp-content\/uploads\/2023\/09\/kuresel-hedefler-2048x1233-1-1024x617.png 1024w, https:\/\/fkg.com.tr\/wp-content\/uploads\/2023\/09\/kuresel-hedefler-2048x1233-1-300x181.png 300w, https:\/\/fkg.com.tr\/wp-content\/uploads\/2023\/09\/kuresel-hedefler-2048x1233-1-768x462.png 768w, https:\/\/fkg.com.tr\/wp-content\/uploads\/2023\/09\/kuresel-hedefler-2048x1233-1-1536x925.png 1536w, https:\/\/fkg.com.tr\/wp-content\/uploads\/2023\/09\/kuresel-hedefler-2048x1233-1.png 2048w\" sizes=\"(max-width: 1024px) 100vw, 1024px\" \/>\t\t\t\t\t\t\t\t\t\t\t\t\t<\/div>\n\t\t\t\t<\/div>\n\t\t\t\t\t<\/div>\n\t\t<\/div>\n\t\t\t\t\t<\/div>\n\t\t<\/section>\n\t\t\t\t\t<\/div>\n\t\t<\/div>\n\t\t\t\t\t<\/div>\n\t\t<\/section>\n\t\t\t\t<\/div>","protected":false},"excerpt":{"rendered":"<p>DA\u0130MA YEN\u0130L\u0130K\u00c7\u0130 FKG Grup, \u201cUN Global Compact\u201d \u00e7er\u00e7evesinde evrensel olarak kabul g\u00f6rm\u00fc\u015f bildirgelere dayanan ilkeleri benimsemektedir. Ocak 2021\u2019ten beri \u0130nsan Haklar\u0131, \u00c7al\u0131\u015fma Standartlar\u0131, \u00c7evre ve Yolsuzlukla M\u00fccadele kavramlar\u0131n\u0131 merkeze koyan Global Compact ilkeleri imzac\u0131s\u0131d\u0131r. Bu ilkeler gere\u011fince; FKG Grup, ilan edilmi\u015f insan haklar\u0131n\u0131 destekler ve haklara sayg\u0131 duyar. FKG Grup, insan haklar\u0131 ihlallerinin su\u00e7 orta\u011f\u0131 [&hellip;]<\/p>","protected":false},"author":1,"featured_media":1175,"parent":0,"menu_order":0,"comment_status":"closed","ping_status":"closed","template":"elementor_header_footer","meta":{"footnotes":""},"class_list":["post-1667","page","type-page","status-publish","has-post-thumbnail","hentry"],"_links":{"self":[{"href":"https:\/\/fkg.com.tr\/en\/wp-json\/wp\/v2\/pages\/1667","targetHints":{"allow":["GET"]}}],"collection":[{"href":"https:\/\/fkg.com.tr\/en\/wp-json\/wp\/v2\/pages"}],"about":[{"href":"https:\/\/fkg.com.tr\/en\/wp-json\/wp\/v2\/types\/page"}],"author":[{"embeddable":true,"href":"https:\/\/fkg.com.tr\/en\/wp-json\/wp\/v2\/users\/1"}],"replies":[{"embeddable":true,"href":"https:\/\/fkg.com.tr\/en\/wp-json\/wp\/v2\/comments?post=1667"}],"version-history":[{"count":3,"href":"https:\/\/fkg.com.tr\/en\/wp-json\/wp\/v2\/pages\/1667\/revisions"}],"predecessor-version":[{"id":1915,"href":"https:\/\/fkg.com.tr\/en\/wp-json\/wp\/v2\/pages\/1667\/revisions\/1915"}],"wp:featuredmedia":[{"embeddable":true,"href":"https:\/\/fkg.com.tr\/en\/wp-json\/"}],"wp:attachment":[{"href":"https:\/\/fkg.com.tr\/en\/wp-json\/wp\/v2\/media?parent=1667"}],"curies":[{"name":"wp","href":"https:\/\/api.w.org\/{rel}","templated":true}]}}