{"id":1677,"date":"2023-08-11T01:34:51","date_gmt":"2023-08-10T22:34:51","guid":{"rendered":"http:\/\/www.ersanabi.com\/fkg\/?page_id=1677"},"modified":"2023-09-23T22:50:29","modified_gmt":"2023-09-23T19:50:29","slug":"kadinlar-ve-gencler","status":"publish","type":"page","link":"https:\/\/fkg.com.tr\/en\/kadinlar-ve-gencler\/","title":{"rendered":"WOMEN AND YOUTH"},"content":{"rendered":"<div data-elementor-type=\"wp-page\" data-elementor-id=\"1677\" class=\"elementor elementor-1677\" data-elementor-post-type=\"page\">\n\t\t\t\t\t\t<section class=\"elementor-section elementor-top-section elementor-element elementor-element-da66aa8 elementor-section-full_width elementor-section-height-default elementor-section-height-default\" data-id=\"da66aa8\" data-element_type=\"section\" data-settings=\"{&quot;background_background&quot;:&quot;classic&quot;,&quot;wdt_bg_image&quot;:{&quot;url&quot;:&quot;&quot;,&quot;id&quot;:&quot;&quot;,&quot;size&quot;:&quot;&quot;},&quot;wdt_bg_image_tablet&quot;:{&quot;url&quot;:&quot;&quot;,&quot;id&quot;:&quot;&quot;,&quot;size&quot;:&quot;&quot;},&quot;wdt_bg_image_mobile&quot;:{&quot;url&quot;:&quot;&quot;,&quot;id&quot;:&quot;&quot;,&quot;size&quot;:&quot;&quot;},&quot;wdt_bg_position&quot;:&quot;center center&quot;,&quot;wdt_animation_effect&quot;:&quot;none&quot;}\">\n\t\t\t\t\t\t<div class=\"elementor-container elementor-column-gap-no\">\n\t\t\t\t\t<div class=\"elementor-column elementor-col-100 elementor-top-column elementor-element elementor-element-4686d6b\" data-id=\"4686d6b\" data-element_type=\"column\">\n\t\t\t<div class=\"elementor-widget-wrap elementor-element-populated\">\n\t\t\t\t\t\t<section class=\"elementor-section elementor-inner-section elementor-element elementor-element-2398059 elementor-section-full_width wdt-cus-about-us-section elementor-section-height-default elementor-section-height-default\" data-id=\"2398059\" data-element_type=\"section\" data-settings=\"{&quot;wdt_bg_image&quot;:{&quot;url&quot;:&quot;&quot;,&quot;id&quot;:&quot;&quot;,&quot;size&quot;:&quot;&quot;},&quot;wdt_bg_image_tablet&quot;:{&quot;url&quot;:&quot;&quot;,&quot;id&quot;:&quot;&quot;,&quot;size&quot;:&quot;&quot;},&quot;wdt_bg_image_mobile&quot;:{&quot;url&quot;:&quot;&quot;,&quot;id&quot;:&quot;&quot;,&quot;size&quot;:&quot;&quot;},&quot;wdt_bg_position&quot;:&quot;center center&quot;,&quot;wdt_animation_effect&quot;:&quot;none&quot;}\">\n\t\t\t\t\t\t<div class=\"elementor-container elementor-column-gap-no\">\n\t\t\t\t\t<div class=\"elementor-column elementor-col-50 elementor-inner-column elementor-element elementor-element-c8a4be1\" data-id=\"c8a4be1\" data-element_type=\"column\" data-settings=\"{&quot;background_background&quot;:&quot;classic&quot;}\">\n\t\t\t<div class=\"elementor-widget-wrap elementor-element-populated\">\n\t\t\t\t\t<div class=\"elementor-background-overlay\"><\/div>\n\t\t\t\t\t\t<div class=\"elementor-element elementor-element-644ab29 elementor-widget elementor-widget-image\" data-id=\"644ab29\" data-element_type=\"widget\" data-settings=\"{&quot;wdt_animation_effect&quot;:&quot;none&quot;}\" data-widget_type=\"image.default\">\n\t\t\t\t<div class=\"elementor-widget-container\">\n\t\t\t<style>\/*! elementor - v3.19.0 - 28-02-2024 *\/\n.elementor-widget-image{text-align:center}.elementor-widget-image a{display:inline-block}.elementor-widget-image a img[src$=\".svg\"]{width:48px}.elementor-widget-image img{vertical-align:middle;display:inline-block}<\/style>\t\t\t\t\t\t\t\t\t\t<img fetchpriority=\"high\" decoding=\"async\" width=\"1000\" height=\"1500\" src=\"https:\/\/fkg.com.tr\/wp-content\/uploads\/2023\/09\/FKG-Surdurulebilirlik-1.jpg\" class=\"attachment-full size-full wp-image-1748\" alt=\"\" srcset=\"https:\/\/fkg.com.tr\/wp-content\/uploads\/2023\/09\/FKG-Surdurulebilirlik-1.jpg 1000w, https:\/\/fkg.com.tr\/wp-content\/uploads\/2023\/09\/FKG-Surdurulebilirlik-1-200x300.jpg 200w, https:\/\/fkg.com.tr\/wp-content\/uploads\/2023\/09\/FKG-Surdurulebilirlik-1-683x1024.jpg 683w, https:\/\/fkg.com.tr\/wp-content\/uploads\/2023\/09\/FKG-Surdurulebilirlik-1-768x1152.jpg 768w\" sizes=\"(max-width: 1000px) 100vw, 1000px\" \/>\t\t\t\t\t\t\t\t\t\t\t\t\t<\/div>\n\t\t\t\t<\/div>\n\t\t\t\t\t<\/div>\n\t\t<\/div>\n\t\t\t\t<div class=\"elementor-column elementor-col-50 elementor-inner-column elementor-element elementor-element-acb7a18 wdt-col-with-bg-img\" data-id=\"acb7a18\" data-element_type=\"column\" data-settings=\"{&quot;background_background&quot;:&quot;classic&quot;}\">\n\t\t\t<div class=\"elementor-widget-wrap elementor-element-populated\">\n\t\t\t\t\t<div class=\"elementor-background-overlay\"><\/div>\n\t\t\t\t\t\t<div class=\"elementor-element elementor-element-0ef52c5 start start elementor-widget-tablet__width-inherit elementor-widget-mobile__width-inherit elementor-widget__width-initial wdt-cus-heading elementor-widget elementor-widget-wdt-heading\" data-id=\"0ef52c5\" data-element_type=\"widget\" data-settings=\"{&quot;wdt_animation_effect&quot;:&quot;none&quot;}\" data-widget_type=\"wdt-heading.default\">\n\t\t\t\t<div class=\"elementor-widget-container\">\n\t\t\t<div class=\"wdt-heading-holder\" id=\"wdt-heading-0ef52c5\"><h1 class=\"wdt-heading-title-wrapper wdt-heading-align-center wdt-heading-deco-wrapper\"><span class=\"wdt-heading-title\">WOMEN<\/span><\/h1><div class=\"wdt-heading-content-wrapper\">Achieving sustainable development in the economy and social life is only possible with the active participation of women, who make up half of the population, in all areas of life. The most important of these areas is undoubtedly participation in business life. Unfortunately, the rate of women's participation in business life in our country still lags far behind what is desired. As FKG Group, we determine our approach towards women in all our institutions and organizations with the following values;\n\n<br><br>\n<b>*<\/b> FKG Group aims to be an example of gender equality in the working environment, which is accepted all over the world.<br>\n<b>*<\/b> In this context, FKG Group is committed to treating all its employees, regardless of whether they are men or women, by approaching everyone with a true understanding of justice based on the principle of equality in the work they are responsible for and by respecting international human rights principles.<br>\n<b>*<\/b> FKG Group fully supports women who want to be active and successful in business life with training and career planning.<br>\n<b>*<\/b> In addition, it supports all marketing, initiative and development projects that bring women to the forefront in business life.<br>\n<b>*<\/b> The Group considers full gender equality in the salary, promotion and appointment policies of its personnel and conducts all evaluations transparently.<br>\n<b>*<\/b> It shares its observations and concrete reports with the public in an open and transparent manner for the full realization of gender equality.<\/div><\/div>\t\t<\/div>\n\t\t\t\t<\/div>\n\t\t\t\t\t<\/div>\n\t\t<\/div>\n\t\t\t\t\t<\/div>\n\t\t<\/section>\n\t\t\t\t<section class=\"elementor-section elementor-inner-section elementor-element elementor-element-a19ab90 elementor-section-full_width elementor-reverse-tablet elementor-reverse-mobile elementor-section-height-default elementor-section-height-default\" data-id=\"a19ab90\" data-element_type=\"section\" data-settings=\"{&quot;wdt_bg_image&quot;:{&quot;url&quot;:&quot;&quot;,&quot;id&quot;:&quot;&quot;,&quot;size&quot;:&quot;&quot;},&quot;wdt_bg_image_tablet&quot;:{&quot;url&quot;:&quot;&quot;,&quot;id&quot;:&quot;&quot;,&quot;size&quot;:&quot;&quot;},&quot;wdt_bg_image_mobile&quot;:{&quot;url&quot;:&quot;&quot;,&quot;id&quot;:&quot;&quot;,&quot;size&quot;:&quot;&quot;},&quot;wdt_bg_position&quot;:&quot;center center&quot;,&quot;wdt_animation_effect&quot;:&quot;none&quot;}\">\n\t\t\t\t\t\t<div class=\"elementor-container elementor-column-gap-no\">\n\t\t\t\t\t<div class=\"elementor-column elementor-col-50 elementor-inner-column elementor-element elementor-element-bdeacf8\" data-id=\"bdeacf8\" data-element_type=\"column\">\n\t\t\t<div class=\"elementor-widget-wrap elementor-element-populated\">\n\t\t\t\t\t\t<div class=\"elementor-element elementor-element-0502b50 start start elementor-widget-tablet__width-inherit elementor-widget-mobile__width-inherit wdt-cus-heading elementor-widget__width-initial elementor-widget elementor-widget-wdt-heading\" data-id=\"0502b50\" data-element_type=\"widget\" data-settings=\"{&quot;wdt_animation_effect&quot;:&quot;none&quot;}\" data-widget_type=\"wdt-heading.default\">\n\t\t\t\t<div class=\"elementor-widget-container\">\n\t\t\t<div class=\"wdt-heading-holder\" id=\"wdt-heading-0502b50\"><h1 class=\"wdt-heading-title-wrapper wdt-heading-align-center wdt-heading-deco-wrapper\"><span class=\"wdt-heading-title\">YOUTH<\/span><\/h1><div class=\"wdt-heading-content-wrapper\">According to the \"Youth in Statistics 2019\" survey conducted by the Turkish Statistical Institute (TurkStat), 15.6 percent of Turkey's population, i.e. approximately 13 million people, are in the 15-24 age group.\n<br><br>\nThe youth strategy of FKG Foundation aims to harness the distinctive potential of our nation and foster the development of accomplished young individuals who will actively participate in social and economic spheres. The Foundation focuses on cultivating a generation of young individuals with an entrepreneurial mindset. It accomplishes this by facilitating the active involvement of business experts and entrepreneurs in its programmes, thereby bridging the gap between the business world and young people.\n<br><br>\nFKG Group collaborates with NGOs in Turkey and internationally to implement diverse grant programmes aimed at fostering and disseminating awareness of social responsibility among young individuals. Through these programmes, FKG Group offers opportunities for individuals aged 18-30 to participate in volunteer activities that contribute to the betterment of society in their respective home countries.<\/div><\/div>\t\t<\/div>\n\t\t\t\t<\/div>\n\t\t\t\t\t<\/div>\n\t\t<\/div>\n\t\t\t\t<div class=\"elementor-column elementor-col-50 elementor-inner-column elementor-element elementor-element-bc1b82e\" data-id=\"bc1b82e\" data-element_type=\"column\" data-settings=\"{&quot;background_background&quot;:&quot;classic&quot;}\">\n\t\t\t<div class=\"elementor-widget-wrap elementor-element-populated\">\n\t\t\t\t\t<div class=\"elementor-background-overlay\"><\/div>\n\t\t\t\t\t\t<div class=\"elementor-element elementor-element-aac3f5c elementor-widget elementor-widget-image\" data-id=\"aac3f5c\" data-element_type=\"widget\" data-settings=\"{&quot;wdt_animation_effect&quot;:&quot;none&quot;}\" data-widget_type=\"image.default\">\n\t\t\t\t<div class=\"elementor-widget-container\">\n\t\t\t\t\t\t\t\t\t\t\t\t\t<img decoding=\"async\" width=\"684\" height=\"1024\" src=\"https:\/\/fkg.com.tr\/wp-content\/uploads\/2023\/09\/FKG-Surdurulebilirlik-2-684x1024.jpg\" class=\"attachment-large size-large wp-image-1749\" alt=\"\" srcset=\"https:\/\/fkg.com.tr\/wp-content\/uploads\/2023\/09\/FKG-Surdurulebilirlik-2-684x1024.jpg 684w, https:\/\/fkg.com.tr\/wp-content\/uploads\/2023\/09\/FKG-Surdurulebilirlik-2-200x300.jpg 200w, https:\/\/fkg.com.tr\/wp-content\/uploads\/2023\/09\/FKG-Surdurulebilirlik-2-768x1150.jpg 768w, https:\/\/fkg.com.tr\/wp-content\/uploads\/2023\/09\/FKG-Surdurulebilirlik-2.jpg 1000w\" sizes=\"(max-width: 684px) 100vw, 684px\" \/>\t\t\t\t\t\t\t\t\t\t\t\t\t<\/div>\n\t\t\t\t<\/div>\n\t\t\t\t\t<\/div>\n\t\t<\/div>\n\t\t\t\t\t<\/div>\n\t\t<\/section>\n\t\t\t\t<div class=\"elementor-element elementor-element-e0fcdd7 elementor-widget elementor-widget-html\" data-id=\"e0fcdd7\" data-element_type=\"widget\" data-settings=\"{&quot;wdt_animation_effect&quot;:&quot;none&quot;}\" data-widget_type=\"html.default\">\n\t\t\t\t<div class=\"elementor-widget-container\">\n\t\t\t<style>\n     \/*Home page1 popup box*\/\n    \n    .wdt-cus-popup-box .wdt-click-element-image-n-icon .wdt-popup-box-trigger-element .wdt-popup-box-trigger-icon{\n        left: 50%;\n    right: 0;\n    top: 50%;\n    bottom: inherit;\n    transform: translate(-50%,-50%);\n    width: 76px;\n        height: 76px;\n    background-color: rGB(var(--wdtPrimaryColorRgb),.57);\n    backdrop-filter: blur(2px);\n        border-radius: 50%;\n        display: inline-flex;\n        align-items: center;\n        justify-content: center;\n        transition: var(--wdtBaseTransition);\n        \n    }\n    \n    \/*bg animation*\/\n    \n   @keyframes animate-pulse{\n    0%{\n        box-shadow: 0 0 0 0 rgba(var(--wdtPrimaryColorRgb),0.7),  0 0 0 0 rgba(var(--wdtPrimaryColorRgb),0.7);\n    }\n    40%{\n        box-shadow: 0 0 0 50px rgba(var(--wdtPrimaryColorRgb),0.0),  0 0 0 0 rgba(var(--wdtPrimaryColorRgb),0.7);\n    }\n    80%{\n        box-shadow: 0 0 0 50px rgba(var(--wdtPrimaryColorRgb),0.0),  0 0 0 30px rgba(var(--wdtPrimaryColorRgb),0);\n    }\n    100%{\n        box-shadow: 0 0 0 0 rgba(var(--wdtPrimaryColorRgb),0.0),  0 0 0 30px rgba(var(--wdtPrimaryColorRgb),0);\n    }\n    \n}\n\n    \n .wdt-cus-popup-box .wdt-click-element-image-n-icon .wdt-popup-box-trigger-element .wdt-popup-box-trigger-icon:hover{\n     animation: animate-pulse 3s linear 1;\n }\n \n .wdt-cus-popup-box .wdt-popup-box-trigger-holder{\n     will-change:contents;\n }\n \n \n \/*Home page about section backgroung immage position*\/\n \n .wdt-cus-about-us-section .wdt-col-with-bg-img .elementor-widget-wrap .elementor-background-overlay{\n     left: 130px;\n }\n \n \n \n<\/style>\t\t<\/div>\n\t\t\t\t<\/div>\n\t\t\t\t\t<\/div>\n\t\t<\/div>\n\t\t\t\t\t<\/div>\n\t\t<\/section>\n\t\t\t\t<\/div>","protected":false},"excerpt":{"rendered":"<p>Kad\u0131nlar Ekonomide ve sosyal ya\u015famda s\u00fcrd\u00fcr\u00fclebilir kalk\u0131nman\u0131n sa\u011flanabilmesi, n\u00fcfusun yar\u0131s\u0131n\u0131 olu\u015fturan kad\u0131nlar\u0131n, ya\u015fam\u0131n t\u00fcm alanlar\u0131na aktif bir \u015fekilde kat\u0131l\u0131m\u0131 ile m\u00fcmk\u00fcn. Bu alanlar\u0131n i\u00e7inde ku\u015fkusuz en \u00f6nemlisi i\u015f hayat\u0131na kat\u0131l\u0131md\u0131r. \u00dclkemizde kad\u0131n\u0131n i\u015f hayat\u0131na kat\u0131l\u0131m oranlar\u0131 halen maalesef arzu edilenin \u00e7ok gerisinde kalmaktad\u0131r. FKG Grup olarak, kad\u0131nlara y\u00f6nelik yakla\u015f\u0131m\u0131m\u0131z\u0131 b\u00fct\u00fcn kurum ve kurulu\u015flar\u0131m\u0131zda a\u015fa\u011f\u0131da belirtti\u011fimiz [&hellip;]<\/p>","protected":false},"author":1,"featured_media":1175,"parent":0,"menu_order":0,"comment_status":"closed","ping_status":"closed","template":"elementor_header_footer","meta":{"footnotes":""},"class_list":["post-1677","page","type-page","status-publish","has-post-thumbnail","hentry"],"_links":{"self":[{"href":"https:\/\/fkg.com.tr\/en\/wp-json\/wp\/v2\/pages\/1677","targetHints":{"allow":["GET"]}}],"collection":[{"href":"https:\/\/fkg.com.tr\/en\/wp-json\/wp\/v2\/pages"}],"about":[{"href":"https:\/\/fkg.com.tr\/en\/wp-json\/wp\/v2\/types\/page"}],"author":[{"embeddable":true,"href":"https:\/\/fkg.com.tr\/en\/wp-json\/wp\/v2\/users\/1"}],"replies":[{"embeddable":true,"href":"https:\/\/fkg.com.tr\/en\/wp-json\/wp\/v2\/comments?post=1677"}],"version-history":[{"count":6,"href":"https:\/\/fkg.com.tr\/en\/wp-json\/wp\/v2\/pages\/1677\/revisions"}],"predecessor-version":[{"id":1923,"href":"https:\/\/fkg.com.tr\/en\/wp-json\/wp\/v2\/pages\/1677\/revisions\/1923"}],"wp:featuredmedia":[{"embeddable":true,"href":"https:\/\/fkg.com.tr\/en\/wp-json\/"}],"wp:attachment":[{"href":"https:\/\/fkg.com.tr\/en\/wp-json\/wp\/v2\/media?parent=1677"}],"curies":[{"name":"wp","href":"https:\/\/api.w.org\/{rel}","templated":true}]}}